{"id":762,"date":"2022-07-13T10:40:29","date_gmt":"2022-07-13T10:40:29","guid":{"rendered":"https:\/\/panmedia.sk\/?page_id=762"},"modified":"2024-04-22T00:18:25","modified_gmt":"2024-04-22T00:18:25","slug":"ochrana-osobnych-udajov","status":"publish","type":"page","link":"https:\/\/panmedia.sk\/en\/ochrana-osobnych-udajov\/","title":{"rendered":"Privacy policy"},"content":{"rendered":"<p>[et_pb_section fb_built=&#8220;1&#8243; _builder_version=&#8220;4.25.0&#8243; _module_preset=&#8220;default&#8220; hover_enabled=&#8220;0&#8243; global_colors_info=&#8220;{}&#8220; background_color=&#8220;#000000&#8243; sticky_enabled=&#8220;0&#8243;][et_pb_row _builder_version=&#8220;4.17.5&#8243; _module_preset=&#8220;default&#8220; global_colors_info=&#8220;{}&#8220;][et_pb_column type=&#8220;4_4&#8243; _builder_version=&#8220;4.17.5&#8243; _module_preset=&#8220;default&#8220; global_colors_info=&#8220;{}&#8220;][et_pb_text _builder_version=&#8220;4.25.0&#8243; _module_preset=&#8220;default&#8220; hover_enabled=&#8220;0&#8243; global_colors_info=&#8220;{}&#8220; text_text_color=&#8220;#d3d3d3&#8243; header_3_text_color=&#8220;#d3d3d3&#8243; background_color=&#8220;#000000&#8243; header_text_color=&#8220;#d3d3d3&#8243; sticky_enabled=&#8220;0&#8243;]<\/p>\n<h1>Vyhl\u00e1senie o ochrane osobn\u00fdch \u00fadajov<\/h1>\n<p>&nbsp;<\/p>\n<p>&nbsp;<\/p>\n<h3>1. V\u0161eobecn\u00e9 ustanovenia<\/h3>\n<p>Spolo\u010dnos\u0165 Panmedia Western, s.r.o., \u010falej len Panmedia Western, re\u0161pektuje s\u00fakromie ka\u017ed\u00e9ho n\u00e1v\u0161tevn\u00edka na\u0161ich webov\u00fdch str\u00e1nok. Nasledovn\u00e9 inform\u00e1cie sa t\u00fdkaj\u00fa typu d\u00e1t zbieran\u00fdch spolo\u010dnos\u0165ou Panmedia Western a sp\u00f4sobov ich vyu\u017eitia. Spolo\u010dnos\u0165 Panmedia Western zhroma\u017e\u010fuje, sprac\u00fava a pou\u017e\u00edva osobn\u00e9 \u00fadaje v s\u00falade s pr\u00edslu\u0161nou legislat\u00edvou Slovenskej republiky.<\/p>\n<p>Toto vyhl\u00e1senie o ochrane osobn\u00fdch \u00fadajov sa nevz\u0165ahuje na internetov\u00e9 str\u00e1nky in\u00fdch prev\u00e1dzkovate\u013eov pr\u00edstupn\u00e9 prostredn\u00edctvom odkazov na internetov\u00fdch str\u00e1nkach spolo\u010dnosti Panmedia Western.<\/p>\n<h3>2. Zber, vyu\u017e\u00edvanie a spracovanie osobn\u00fdch \u00fadajov<\/h3>\n<p>Spolo\u010dnos\u0165 Panmedia Western zbiera len tie osobn\u00e9 \u00fadaje, ku ktor\u00fdch spracovaniu a vyu\u017e\u00edvaniu d\u00e1 pou\u017e\u00edvate\u013e Panmedia Western svoj dobrovo\u013en\u00fd s\u00fahlas. Vyjadren\u00edm s\u00fahlasu pou\u017e\u00edvate\u013e z\u00e1rove\u0148 prejavuje s\u00fahlas s nasleduj\u00facimi podmienkami spracovania osobn\u00fdch \u00fadajov:<\/p>\n<p>Otvoren\u00edm t\u00fdchto internetov\u00fdch str\u00e1nok sa niektor\u00e9 \u00fadaje uchov\u00e1vaj\u00fa automaticky na na\u0161ich serveroch za \u00fa\u010delom spr\u00e1vy syst\u00e9mu alebo pre \u00fa\u010dely podpory. Tieto \u00fadaje zah\u0155\u0148aj\u00fa meno poskytovate\u013ea pripojenia na internet, va\u0161u adresu internetov\u00e9ho protokolu (IP), verziu softv\u00e9ru v\u00e1\u0161ho prehliada\u010da, opera\u010dn\u00fd syst\u00e9m po\u010d\u00edta\u010da, ktor\u00fd pou\u017e\u00edvate k pr\u00edstupu na na\u0161e internetov\u00e9 str\u00e1nky, internetov\u00e9 str\u00e1nky, ktor\u00e9 pou\u017e\u00edvate k tomu, aby ste na\u0161e internetov\u00e9 str\u00e1nky otvorili. Tieto \u00fadaje m\u00f4\u017eu by\u0165 pou\u017eit\u00e9 na odstr\u00e1nenie por\u00fach webu, ale v\u017edy bez pou\u017eitia ak\u00fdchko\u013evek \u00fadajov vz\u0165ahuj\u00facich sa na konkr\u00e9tnu osobu.<\/p>\n<p>Pokia\u013e n\u00e1m dobrovo\u013ene poskytnete osobn\u00e9 \u00fadaje prostredn\u00edctvom niektor\u00e9ho z kontaktn\u00fdch formul\u00e1rov na webov\u00fdch str\u00e1nkach Panmedia Western, na na\u0161om serveri sa zaznamenaj\u00fa podstr\u00e1nky, ktor\u00e9 ste pred vyplnen\u00edm formul\u00e1ra nav\u0161t\u00edvili a v niektor\u00fdch pr\u00edpadoch str\u00e1nka, ktor\u00fa ste nav\u0161t\u00edvili priamo pred pr\u00edchodom na webov\u00fa str\u00e1nku Panmedia Western. Tak\u00e9to \u00fadaje nepou\u017eijeme, nespracujeme, ani neprevedieme tretej strane nad r\u00e1mec obmedzen\u00ed pr\u00e1vnymi predpismi alebo nad r\u00e1mec vami ur\u010den\u00fd vo Va\u0161om s\u00fahlasnom vyhl\u00e1sen\u00ed. Va\u0161e osobn\u00e9 \u00fadaje poskytneme v\u00fdhradne vtedy, ak k tomu budeme n\u00faten\u00ed s\u00fadnym rozhodnut\u00edm alebo in\u00fdm rozhodnut\u00edm verejnej moci.<\/p>\n<p>Ak\u00e9ko\u013evek zmeny t\u00fdkaj\u00face sa t\u00fdchto podmienok o ochrane osobn\u00fdch \u00fadajov zverejn\u00edme na t\u00fdchto internetov\u00fdch str\u00e1nkach.<\/p>\n<h3>3. Bezpe\u010dnos\u0165<\/h3>\n<p>Spolo\u010dnos\u0165 Panmedia Western bude uchov\u00e1va\u0165 va\u0161e \u00fadaje v bezpe\u010d\u00ed a uskuto\u010dn\u00ed v\u0161etky zmysluplne dostupn\u00e9 prevent\u00edvne opatrenia na zabezpe\u010denie \u00fadajov proti strate, zneu\u017eitiu alebo pozme\u0148ovaniu. Zamestnanci a zmluvn\u00ed partneri spolo\u010dnosti Panmedia Western, ktor\u00ed maj\u00fa pr\u00edstup k va\u0161im \u00fadajom, aby v\u00e1m mohli poskytova\u0165 slu\u017eby v mene spolo\u010dnosti Panmedia Western, s\u00fa zmluvne zaviazan\u00ed zachov\u00e1va\u0165 ml\u010danlivos\u0165 o t\u00fdchto \u00fadajoch a nesm\u00fa ich vyu\u017e\u00edva\u0165 na \u017eiadny in\u00fd \u00fa\u010del. V niektor\u00fdch pr\u00edpadoch vyu\u017e\u00edvame na spracovanie \u00fadajov aplik\u00e1cie tret\u00edch str\u00e1n, ktor\u00e9 pou\u017e\u00edvaj\u00fa na ochranu osobn\u00fdch \u00fadajov rovnak\u00fd alebo vy\u0161\u0161\u00ed \u0161tandard ako ten pop\u00edsan\u00fd v tomto dokumente.<\/p>\n<h3>4. Cookies<\/h3>\n<p>T\u00e1to internetov\u00e1 str\u00e1nka neuklad\u00e1 na va\u0161e zariadenie s v\u00fdnimkou d\u00e1t\/cookies nutn\u00fdch pre funkciu webu.<\/p>\n<p>Cookies m\u00f4\u017eete deaktivova\u0165 vo va\u0161om prehliada\u010di alebo pou\u017ei\u0165 niektor\u00e9 z roz\u0161\u00edren\u00ed ur\u010den\u00e9 blokovanie \u0161pecifick\u00fdch cookies.<\/p>\n<h3>5. Osoby zodpovedn\u00e9 za ochranu osobn\u00fdch \u00fadajov<\/h3>\n<p>Spolo\u010dnos\u0165 Panmedia Western zlikviduje uchov\u00e1van\u00e9 \u00fadaje po uplynut\u00ed doby ur\u010denej z\u00e1konom, udelen\u00fdm s\u00fahlasom alebo ak ich u\u017e nebude potrebova\u0165. M\u00e1te pr\u00e1vo kedyko\u013evek odvola\u0165 svoj s\u00fahlas na spracovanie alebo vyu\u017e\u00edvanie va\u0161ich osobn\u00fdch \u00fadajov s \u00fa\u010dinkami do bud\u00facnosti. Po\u0161lite e-mail na adresu panmedia@panmedia.sk alebo list na adresu Panmedia Western, s.r.o., Mlynsk\u00e9 Luhy 86A, 821 05 Bratislava.<\/p>\n<h3>6. Verejn\u00fd register spracovania<\/h3>\n<p>Osoba zodpovedn\u00e1 za ochranu osobn\u00fdch \u00fadajov spr\u00edstup\u0148uje nasledovn\u00e9 \u00fadaje:<\/p>\n<p>(1) N\u00e1zov zodpovednej organiz\u00e1cie: Panmedia Western, s.r.o.<\/p>\n<p>(2) Osobne zodpovedn\u00fd spolo\u010dn\u00edk \/ vedenie spolo\u010dnosti: Panmedia Western s.r.o.<\/p>\n<p>Mgr. Katar\u00edna \u0160tef\u00e1nikov\u00e1, konate\u013e<\/p>\n<p>Mgr. Franti\u0161ek Hurn\u00fd, v\u00fdkonn\u00fd riadite\u013e<\/p>\n<p>(3) Adresa zodpovednej organiz\u00e1cie: Mlynsk\u00e9 Luhy 86A, 821 05 Bratislava, Slovensk\u00e1 republika<\/p>\n<p>(4) Zam\u00fd\u0161\u013ean\u00fd \u00fa\u010del zhroma\u017e\u010fovania, spracovania alebo vyu\u017e\u00edvania \u00fadajov:<\/p>\n<p>Predmetom \u010dinnosti spolo\u010dnosti je pr\u00edprava marketingov\u00fdch strat\u00e9gi\u00ed a n\u00e1kup reklamn\u00e9ho priestoru v tradi\u010dn\u00fdch\/online m\u00e9di\u00e1ch .<\/p>\n<p>(5) Popis skup\u00edn zainteresovan\u00fdch os\u00f4b a pr\u00edslu\u0161n\u00fdch \u00fadajov alebo kateg\u00f3ri\u00ed \u00fadajov:<\/p>\n<p>D\u00e1ta vz\u0165ahuj\u00face sa na z\u00e1kazn\u00edkov, zamestnancov, uch\u00e1dza\u010dov o zamestnanie, dod\u00e1vate\u013eov a poskytovate\u013eov slu\u017eieb \u2013 v miere potrebnej pre splnenie \u00fa\u010delu uveden\u00e9ho v bode 6. (4).<\/p>\n<p>(6) Pr\u00edjemcovia alebo kateg\u00f3rie pr\u00edjemcov<\/p>\n<p>Org\u00e1ny verejnej moci, zdravotn\u00e9 pois\u0165ovne a in\u00e9 v pr\u00edpade existencie pr\u00edslu\u0161n\u00fdch pr\u00e1vnych predpisov, extern\u00ed dod\u00e1vatelia v s\u00falade s \u00a711 BDSG, extern\u00ed poskytovatelia slu\u017eieb, pridru\u017een\u00e9 spolo\u010dnosti a intern\u00e9 oddelenia pre splnenie \u00fa\u010delu uveden\u00e9ho v bode 6. (4).<\/p>\n<p>(7) Term\u00edn pravideln\u00e9ho v\u00fdmazu d\u00e1t:<\/p>\n<p>D\u00e1ta sa vymaz\u00e1vaj\u00fa po uplynut\u00ed z\u00e1konn\u00fdch leh\u00f4t. D\u00e1ta, na ktor\u00e9 sa nevz\u0165ahuj\u00fa uveden\u00e9 ustanovenia, sa vymaz\u00e1vaj\u00fa ak prestane existova\u0165 \u00fa\u010del uveden\u00fd v bode 6. (4).<\/p>\n<p>(8). Pou\u017e\u00edvanie prepojen\u00ed na soci\u00e1lne siete<\/p>\n<p>Na\u0161e internetov\u00e9 str\u00e1nky m\u00f4\u017eu obsahova\u0165 funkcie prepojenia soci\u00e1lnych siet\u00ed Facebook, LinkedIn. S\u00favisiace slu\u017eby poskytuj\u00fa spolo\u010dnosti Facebook Inc., LinkedIn Inc. (\u201cposkytovatelia\u201d).<\/p>\n<p>Facebook prev\u00e1dzkuje spolo\u010dnos\u0165 Facebook Inc., 1601 S. California Ave, Palo Alto, CA 94304, USA (\u201cFacebook\u201d). Preh\u013ead Facebook tla\u010didiel a ich vzh\u013eadu n\u00e1jdete na: https:\/\/developers.facebook.com\/docs\/plugins<\/p>\n<p>LinkedIn prev\u00e1dzkuje spolo\u010dnos\u0165 LinkedIn Corporation, 2029 Stierlin Court, Mountain View, CA 94043, USA (\u201cLinkedIn\u201d). Preh\u013ead LinkedIn tla\u010didiel a ich vzh\u013eadu n\u00e1jdete na: https:\/\/developer.linkedin.com\/plugins<\/p>\n<p>Prepojenie poskytovate\u013eovi prezrad\u00ed, ktor\u00e9 z na\u0161ich internetov\u00fdch str\u00e1nok ste nav\u0161t\u00edvili. Ak ste po\u010das prezerania na\u0161ich str\u00e1nok prihl\u00e1sen\u00fd do svojho pou\u017e\u00edvate\u013esk\u00e9ho \u00fa\u010dtu na Facebooku, LinkedIne alebo Twitteri, poskytovate\u013e vie z\u00edska\u0165 inform\u00e1cie o va\u0161ich z\u00e1ujmoch, t.j. inform\u00e1cie, ku ktor\u00fdm m\u00e1te pr\u00edstup cez svoj pou\u017e\u00edvate\u013esk\u00fd \u00fa\u010det. Vyu\u017e\u00edvanie ktor\u00fdchko\u013evek funkci\u00ed prepojenia (napr. kliknut\u00edm tla\u010didla \u201cLike\u201d, zanechan\u00edm odkazu), bud\u00fa aj tieto inform\u00e1cie presunut\u00e9 prehliada\u010dom priamo poskytovate\u013eovi na uchovanie.<\/p>\n<p>Bli\u017e\u0161ie inform\u00e1cie o zhroma\u017e\u010fovan\u00ed a pou\u017e\u00edvan\u00ed \u00fadajov spolo\u010dnos\u0165ami Facebook, LinkedIn alebo Twitter a o pr\u00e1vach a dostupn\u00fdch mo\u017enostiach ochrany v\u00e1\u0161ho s\u00fakromia v t\u00fdchto pr\u00edpadoch n\u00e1jdete v upozornen\u00ed poskytovate\u013ea o ochrane \u00fadajov\/s\u00fakromia:<\/p>\n<p>Upozornenie poskytovate\u013ea Facebook o ochrane \u00fadajov\/s\u00fakromia:<br \/>http:\/\/www.facebook.com\/policy.php<\/p>\n<p>Upozornenie poskytovate\u013ea LinkedIn o ochrane \u00fadajov\/s\u00fakromia:<br \/>http:\/\/www.linkedin.com\/legal\/privacy-policy<\/p>\n<p>Ak chcete zabr\u00e1ni\u0165 soci\u00e1lnym sie\u0165am Facebook alebo LinkedIn, aby va\u0161u n\u00e1v\u0161tevu na\u0161ich str\u00e1nok prepojili s va\u0161\u00edm pou\u017e\u00edvate\u013esk\u00fdm \u00fa\u010dtom, mus\u00edte sa odhl\u00e1si\u0165 z pr\u00edslu\u0161n\u00e9ho pou\u017e\u00edvate\u013esk\u00e9ho \u00fa\u010dtu pred vst\u00fapen\u00edm na na\u0161e str\u00e1nky alebo si t\u00fato mo\u017enos\u0165 nastavi\u0165 v preferenci\u00e1ch dan\u00e9ho \u00fa\u010dtu. Ak nechcete prij\u00edma\u0165 cookies tret\u00edch str\u00e1n, nastavte pros\u00edm svoj prehliada\u010d na ich odmietnutie.<\/p>\n<p>[\/et_pb_text][\/et_pb_column][\/et_pb_row][\/et_pb_section]<\/p>","protected":false},"excerpt":{"rendered":"<p>Vyhl\u00e1senie o ochrane osobn\u00fdch \u00fadajov &nbsp; &nbsp; 1. V\u0161eobecn\u00e9 ustanovenia Spolo\u010dnos\u0165 Panmedia Western, s.r.o., \u010falej len Panmedia Western, re\u0161pektuje s\u00fakromie ka\u017ed\u00e9ho n\u00e1v\u0161tevn\u00edka na\u0161ich webov\u00fdch str\u00e1nok. Nasledovn\u00e9 inform\u00e1cie sa t\u00fdkaj\u00fa typu d\u00e1t zbieran\u00fdch spolo\u010dnos\u0165ou Panmedia Western a sp\u00f4sobov ich vyu\u017eitia. Spolo\u010dnos\u0165 Panmedia Western zhroma\u017e\u010fuje, sprac\u00fava a pou\u017e\u00edva osobn\u00e9 \u00fadaje v s\u00falade s pr\u00edslu\u0161nou legislat\u00edvou Slovenskej republiky. [&hellip;]<\/p>","protected":false},"author":3,"featured_media":0,"parent":0,"menu_order":0,"comment_status":"closed","ping_status":"closed","template":"","meta":{"_et_pb_use_builder":"on","_et_pb_old_content":"","_et_gb_content_width":"","footnotes":""},"yoast_head":"<!-- This site is optimized with the Yoast SEO plugin v22.5 - https:\/\/yoast.com\/wordpress\/plugins\/seo\/ -->\n<title>Ochrana osobn\u00fdch \u00fadajov - Panmedia Western<\/title>\n<meta name=\"robots\" content=\"index, follow, max-snippet:-1, max-image-preview:large, max-video-preview:-1\" \/>\n<link rel=\"canonical\" href=\"https:\/\/panmedia.sk\/en\/ochrana-osobnych-udajov\/\" \/>\n<meta property=\"og:locale\" content=\"en_GB\" \/>\n<meta property=\"og:type\" content=\"article\" \/>\n<meta property=\"og:title\" content=\"Ochrana osobn\u00fdch \u00fadajov - Panmedia Western\" \/>\n<meta property=\"og:description\" content=\"Vyhl\u00e1senie o ochrane osobn\u00fdch \u00fadajov &nbsp; &nbsp; 1. V\u0161eobecn\u00e9 ustanovenia Spolo\u010dnos\u0165 Panmedia Western, s.r.o., \u010falej len Panmedia Western, re\u0161pektuje s\u00fakromie ka\u017ed\u00e9ho n\u00e1v\u0161tevn\u00edka na\u0161ich webov\u00fdch str\u00e1nok. Nasledovn\u00e9 inform\u00e1cie sa t\u00fdkaj\u00fa typu d\u00e1t zbieran\u00fdch spolo\u010dnos\u0165ou Panmedia Western a sp\u00f4sobov ich vyu\u017eitia. Spolo\u010dnos\u0165 Panmedia Western zhroma\u017e\u010fuje, sprac\u00fava a pou\u017e\u00edva osobn\u00e9 \u00fadaje v s\u00falade s pr\u00edslu\u0161nou legislat\u00edvou Slovenskej republiky. [&hellip;]\" \/>\n<meta property=\"og:url\" content=\"https:\/\/panmedia.sk\/en\/ochrana-osobnych-udajov\/\" \/>\n<meta property=\"og:site_name\" content=\"Panmedia Western\" \/>\n<meta property=\"article:modified_time\" content=\"2024-04-22T00:18:25+00:00\" \/>\n<meta name=\"twitter:card\" content=\"summary_large_image\" \/>\n<script type=\"application\/ld+json\" class=\"yoast-schema-graph\">{\"@context\":\"https:\/\/schema.org\",\"@graph\":[{\"@type\":\"WebPage\",\"@id\":\"https:\/\/panmedia.sk\/ochrana-osobnych-udajov\/\",\"url\":\"https:\/\/panmedia.sk\/ochrana-osobnych-udajov\/\",\"name\":\"Ochrana osobn\u00fdch \u00fadajov - Panmedia Western\",\"isPartOf\":{\"@id\":\"https:\/\/panmedia.sk\/#website\"},\"datePublished\":\"2022-07-13T10:40:29+00:00\",\"dateModified\":\"2024-04-22T00:18:25+00:00\",\"breadcrumb\":{\"@id\":\"https:\/\/panmedia.sk\/ochrana-osobnych-udajov\/#breadcrumb\"},\"inLanguage\":\"en-GB\",\"potentialAction\":[{\"@type\":\"ReadAction\",\"target\":[\"https:\/\/panmedia.sk\/ochrana-osobnych-udajov\/\"]}]},{\"@type\":\"BreadcrumbList\",\"@id\":\"https:\/\/panmedia.sk\/ochrana-osobnych-udajov\/#breadcrumb\",\"itemListElement\":[{\"@type\":\"ListItem\",\"position\":1,\"name\":\"Home\",\"item\":\"https:\/\/panmedia.sk\/\"},{\"@type\":\"ListItem\",\"position\":2,\"name\":\"Ochrana osobn\u00fdch \u00fadajov\"}]},{\"@type\":\"WebSite\",\"@id\":\"https:\/\/panmedia.sk\/#website\",\"url\":\"https:\/\/panmedia.sk\/\",\"name\":\"Panmedia Western\",\"description\":\"Fullservisov\u00e1 medi\u00e1lna agent\u00fara\",\"publisher\":{\"@id\":\"https:\/\/panmedia.sk\/#organization\"},\"potentialAction\":[{\"@type\":\"SearchAction\",\"target\":{\"@type\":\"EntryPoint\",\"urlTemplate\":\"https:\/\/panmedia.sk\/?s={search_term_string}\"},\"query-input\":\"required name=search_term_string\"}],\"inLanguage\":\"en-GB\"},{\"@type\":\"Organization\",\"@id\":\"https:\/\/panmedia.sk\/#organization\",\"name\":\"Panmedia Western, s.r.o.\",\"url\":\"https:\/\/panmedia.sk\/\",\"logo\":{\"@type\":\"ImageObject\",\"inLanguage\":\"en-GB\",\"@id\":\"https:\/\/panmedia.sk\/#\/schema\/logo\/image\/\",\"url\":\"https:\/\/panmedia.sk\/wp-content\/uploads\/2022\/05\/PanMediaWestern_logo.png\",\"contentUrl\":\"https:\/\/panmedia.sk\/wp-content\/uploads\/2022\/05\/PanMediaWestern_logo.png\",\"width\":284,\"height\":28,\"caption\":\"Panmedia Western, s.r.o.\"},\"image\":{\"@id\":\"https:\/\/panmedia.sk\/#\/schema\/logo\/image\/\"},\"sameAs\":[\"https:\/\/www.linkedin.com\/company\/11835578\/admin\/\"]}]}<\/script>\n<!-- \/ Yoast SEO plugin. -->","yoast_head_json":{"title":"Ochrana osobn\u00fdch \u00fadajov - Panmedia Western","robots":{"index":"index","follow":"follow","max-snippet":"max-snippet:-1","max-image-preview":"max-image-preview:large","max-video-preview":"max-video-preview:-1"},"canonical":"https:\/\/panmedia.sk\/en\/ochrana-osobnych-udajov\/","og_locale":"en_GB","og_type":"article","og_title":"Ochrana osobn\u00fdch \u00fadajov - Panmedia Western","og_description":"Vyhl\u00e1senie o ochrane osobn\u00fdch \u00fadajov &nbsp; &nbsp; 1. V\u0161eobecn\u00e9 ustanovenia Spolo\u010dnos\u0165 Panmedia Western, s.r.o., \u010falej len Panmedia Western, re\u0161pektuje s\u00fakromie ka\u017ed\u00e9ho n\u00e1v\u0161tevn\u00edka na\u0161ich webov\u00fdch str\u00e1nok. Nasledovn\u00e9 inform\u00e1cie sa t\u00fdkaj\u00fa typu d\u00e1t zbieran\u00fdch spolo\u010dnos\u0165ou Panmedia Western a sp\u00f4sobov ich vyu\u017eitia. Spolo\u010dnos\u0165 Panmedia Western zhroma\u017e\u010fuje, sprac\u00fava a pou\u017e\u00edva osobn\u00e9 \u00fadaje v s\u00falade s pr\u00edslu\u0161nou legislat\u00edvou Slovenskej republiky. [&hellip;]","og_url":"https:\/\/panmedia.sk\/en\/ochrana-osobnych-udajov\/","og_site_name":"Panmedia Western","article_modified_time":"2024-04-22T00:18:25+00:00","twitter_card":"summary_large_image","schema":{"@context":"https:\/\/schema.org","@graph":[{"@type":"WebPage","@id":"https:\/\/panmedia.sk\/ochrana-osobnych-udajov\/","url":"https:\/\/panmedia.sk\/ochrana-osobnych-udajov\/","name":"Ochrana osobn\u00fdch \u00fadajov - Panmedia Western","isPartOf":{"@id":"https:\/\/panmedia.sk\/#website"},"datePublished":"2022-07-13T10:40:29+00:00","dateModified":"2024-04-22T00:18:25+00:00","breadcrumb":{"@id":"https:\/\/panmedia.sk\/ochrana-osobnych-udajov\/#breadcrumb"},"inLanguage":"en-GB","potentialAction":[{"@type":"ReadAction","target":["https:\/\/panmedia.sk\/ochrana-osobnych-udajov\/"]}]},{"@type":"BreadcrumbList","@id":"https:\/\/panmedia.sk\/ochrana-osobnych-udajov\/#breadcrumb","itemListElement":[{"@type":"ListItem","position":1,"name":"Home","item":"https:\/\/panmedia.sk\/"},{"@type":"ListItem","position":2,"name":"Ochrana osobn\u00fdch \u00fadajov"}]},{"@type":"WebSite","@id":"https:\/\/panmedia.sk\/#website","url":"https:\/\/panmedia.sk\/","name":"Panmedia Western","description":"Fullservisov\u00e1 medi\u00e1lna agent\u00fara","publisher":{"@id":"https:\/\/panmedia.sk\/#organization"},"potentialAction":[{"@type":"SearchAction","target":{"@type":"EntryPoint","urlTemplate":"https:\/\/panmedia.sk\/?s={search_term_string}"},"query-input":"required name=search_term_string"}],"inLanguage":"en-GB"},{"@type":"Organization","@id":"https:\/\/panmedia.sk\/#organization","name":"Panmedia Western, s.r.o.","url":"https:\/\/panmedia.sk\/","logo":{"@type":"ImageObject","inLanguage":"en-GB","@id":"https:\/\/panmedia.sk\/#\/schema\/logo\/image\/","url":"https:\/\/panmedia.sk\/wp-content\/uploads\/2022\/05\/PanMediaWestern_logo.png","contentUrl":"https:\/\/panmedia.sk\/wp-content\/uploads\/2022\/05\/PanMediaWestern_logo.png","width":284,"height":28,"caption":"Panmedia Western, s.r.o."},"image":{"@id":"https:\/\/panmedia.sk\/#\/schema\/logo\/image\/"},"sameAs":["https:\/\/www.linkedin.com\/company\/11835578\/admin\/"]}]}},"_links":{"self":[{"href":"https:\/\/panmedia.sk\/en\/wp-json\/wp\/v2\/pages\/762"}],"collection":[{"href":"https:\/\/panmedia.sk\/en\/wp-json\/wp\/v2\/pages"}],"about":[{"href":"https:\/\/panmedia.sk\/en\/wp-json\/wp\/v2\/types\/page"}],"author":[{"embeddable":true,"href":"https:\/\/panmedia.sk\/en\/wp-json\/wp\/v2\/users\/3"}],"replies":[{"embeddable":true,"href":"https:\/\/panmedia.sk\/en\/wp-json\/wp\/v2\/comments?post=762"}],"version-history":[{"count":4,"href":"https:\/\/panmedia.sk\/en\/wp-json\/wp\/v2\/pages\/762\/revisions"}],"predecessor-version":[{"id":1183,"href":"https:\/\/panmedia.sk\/en\/wp-json\/wp\/v2\/pages\/762\/revisions\/1183"}],"wp:attachment":[{"href":"https:\/\/panmedia.sk\/en\/wp-json\/wp\/v2\/media?parent=762"}],"curies":[{"name":"wp","href":"https:\/\/api.w.org\/{rel}","templated":true}]}}